{"id":369,"date":"2017-02-23T09:30:18","date_gmt":"2017-02-23T12:30:18","guid":{"rendered":"http:\/\/luwp.taverna.digital\/?page_id=369"},"modified":"2017-02-23T09:31:14","modified_gmt":"2017-02-23T12:31:14","slug":"curso-de-qualificacao-de-candidatos-a-vereanca","status":"publish","type":"page","link":"http:\/\/luwp.taverna.digital\/?page_id=369","title":{"rendered":"Curso de Qualifica\u00e7\u00e3o de Candidatos \u00e0 Verean\u00e7a"},"content":{"rendered":"<div id=\"c27322\" class=\"csc-default\">\n<p>Curso do Programa de Qualifica\u00e7\u00e3o de Candidatos e Eleitos, promovido pela UDESC e TRE-SC. Coordena\u00e7\u00e3o Pedag\u00f3gica do Centro de Ci\u00eancias da Administra\u00e7\u00e3o e Socioecon\u00f4micas (ESAG\/UDESC) e da Escola Judici\u00e1ria Eleitoral de Santa Catarina (EJESC).<\/p>\n<ul>\n<li>Aula 1 &#8211; Boas Vindas<\/li>\n<li>Aula 2 &#8211; \u00c9tica<\/li>\n<li>Aula 3 &#8211; Campanha Eleitoral<\/li>\n<li>Aula 4 &#8211; Orat\u00f3ria<\/li>\n<li>Aula 5 &#8211; Princ\u00edpio Federativo<\/li>\n<li>Aula 6 &#8211; Triparti\u00e7\u00e3o dos Poderes<\/li>\n<li>Aula 7 &#8211; Lei Org\u00e2nica do Munic\u00edpio<\/li>\n<li>Aula 8 &#8211; Processo Legislativo<\/li>\n<li>Aula 9 &#8211; Regimento Interno<\/li>\n<li>Aula 10 &#8211; Atribui\u00e7\u00f5es do Vereador<\/li>\n<li>Aula 11 &#8211; Or\u00e7amento P\u00fablico e Fiscaliza\u00e7\u00e3o<\/li>\n<\/ul>\n<\/div>\n<div id=\"c27323\" class=\"csc-default\">\n<h3 class=\"align-center\"><a class=\"linkExterno\" href=\"https:\/\/www.youtube.com\/playlist?list=PL9-G0SzI9mrtoHlr0g_MN9khaRxBuNtQ1\" target=\"_blank\">Ir para o curso<\/a><\/h3>\n<\/div>\n","protected":false},"excerpt":{"rendered":"<p>Curso do Programa de Qualifica\u00e7\u00e3o de Candidatos e Eleitos, promovido pela UDESC e TRE-SC. Coordena\u00e7\u00e3o Pedag\u00f3gica do Centro de Ci\u00eancias da Administra\u00e7\u00e3o e Socioecon\u00f4micas (ESAG\/UDESC) e da Escola Judici\u00e1ria Eleitoral de Santa Catarina (EJESC). Aula 1 &#8211; Boas Vindas Aula 2 &#8211; \u00c9tica Aula 3 &#8211; Campanha Eleitoral Aula 4 &#8211; Orat\u00f3ria Aula 5 &#8211; [&hellip;]<\/p>\n","protected":false},"author":1,"featured_media":0,"parent":65,"menu_order":0,"comment_status":"closed","ping_status":"closed","template":"","meta":{"footnotes":""},"class_list":["post-369","page","type-page","status-publish","hentry"],"_links":{"self":[{"href":"http:\/\/luwp.taverna.digital\/index.php?rest_route=\/wp\/v2\/pages\/369"}],"collection":[{"href":"http:\/\/luwp.taverna.digital\/index.php?rest_route=\/wp\/v2\/pages"}],"about":[{"href":"http:\/\/luwp.taverna.digital\/index.php?rest_route=\/wp\/v2\/types\/page"}],"author":[{"embeddable":true,"href":"http:\/\/luwp.taverna.digital\/index.php?rest_route=\/wp\/v2\/users\/1"}],"replies":[{"embeddable":true,"href":"http:\/\/luwp.taverna.digital\/index.php?rest_route=%2Fwp%2Fv2%2Fcomments&post=369"}],"version-history":[{"count":2,"href":"http:\/\/luwp.taverna.digital\/index.php?rest_route=\/wp\/v2\/pages\/369\/revisions"}],"predecessor-version":[{"id":372,"href":"http:\/\/luwp.taverna.digital\/index.php?rest_route=\/wp\/v2\/pages\/369\/revisions\/372"}],"up":[{"embeddable":true,"href":"http:\/\/luwp.taverna.digital\/index.php?rest_route=\/wp\/v2\/pages\/65"}],"wp:attachment":[{"href":"http:\/\/luwp.taverna.digital\/index.php?rest_route=%2Fwp%2Fv2%2Fmedia&parent=369"}],"curies":[{"name":"wp","href":"https:\/\/api.w.org\/{rel}","templated":true}]}}