{"id":244,"date":"2017-02-21T21:41:12","date_gmt":"2017-02-21T21:41:12","guid":{"rendered":"http:\/\/luwp.taverna.digital\/?page_id=244"},"modified":"2017-02-23T13:31:52","modified_gmt":"2017-02-23T16:31:52","slug":"14032017-evento-3","status":"publish","type":"page","link":"https:\/\/luwp.taverna.digital\/?page_id=244","title":{"rendered":"14-16\/03\/2017 &#8211; XV Congresso Catarinense de Munic\u00edpios e 2\u00aa Oficina Estadual para Novos Gestores Municipais"},"content":{"rendered":"<p><img decoding=\"async\" src=\"http:\/\/fecam.org.br\/thumbs\/1670\/1539612_resample_1090_345.jpg\" \/><\/p>\n<div class=\"row correct single-post\">\n<div class=\"col-lg-12 \">\n<p id=\"titulo_json\">Promovido pela Federa\u00e7\u00e3o Catarinense de Munic\u00edpios \u2013 FECAM, em parceria com as 21 Associa\u00e7\u00f5es de Munic\u00edpios de Santa Catarina, o Congresso Catarinense de Munic\u00edpios \u00e9 um espa\u00e7o para os gestores p\u00fablicos discutirem conjuntamente os caminhos que levem \u00e0 excel\u00eancia na Gest\u00e3o P\u00fablica, n\u00e3o s\u00f3 municipal, como de toda a Federa\u00e7\u00e3o. O Congresso Catarinense de Munic\u00edpios configura-se no maior evento municipalista de Santa Catarina. A 15\u00aa edi\u00e7\u00e3o do evento ser\u00e1 realizada entre os dias 14 e 16 de mar\u00e7o de 2017.<\/p>\n<div class=\"row correct\">\n<div id=\"infosz\" class=\"col-lg-12\">\n<p>Integrada ao Congresso de Munic\u00edpios ocorrer\u00e1 a 2\u00aa Oficina Estadual para Novos Gestores Municipais, com o objetivo de oportunizar conhecimento para a qualifica\u00e7\u00e3o das atribui\u00e7\u00f5es designadas aos gestores p\u00fablicos, frente as institui\u00e7\u00f5es e suas respectivas intera\u00e7\u00f5es com a gest\u00e3o p\u00fablica municipal. Ao todo s\u00e3o 11 oficinas em diferentes pol\u00edticas p\u00fablicas.<\/p>\n<p>Em paralelo, ocorre a XIII ExpoFECAM \u2013 Exposi\u00e7\u00e3o de Produtos e Servi\u00e7os para os Munic\u00edpios, com o objetivo de oferecer solu\u00e7\u00f5es em servi\u00e7os e equipamentos aos gestores p\u00fablicos para a moderniza\u00e7\u00e3o de suas administra\u00e7\u00f5es. <a href=\"http:\/\/egem.org.br\/xiii-expofecam\/\">Confira aqui como participar da Exposi\u00e7\u00e3o<\/a>.<\/p>\n<h4>P\u00fablico alvo:<\/h4>\n<p>Prefeitos, vice-prefeitos, Secret\u00e1rios de Administra\u00e7\u00e3o, Finan\u00e7as e Fazenda, Assessores Parlamentares, Gestores Municipais de Habita\u00e7\u00e3o, Gestores Municipais de Assist\u00eancia Social, Servidores Respons\u00e1veis pela Defesa Civil nos Munic\u00edpios, Gestores de Meio Ambiente e Saneamento, Contadores e Controladores Internos, Procuradores dos Munic\u00edpios e Respons\u00e1veis pelo Setor de Pessoal, Secret\u00e1rios de Obras dos Munic\u00edpios, Procuradores dos Munic\u00edpios e Comiss\u00e3o de Licita\u00e7\u00e3o, Gestores Municipais de Turismo e Cultura, Gestores Municipais de Educa\u00e7\u00e3o, Gestores Municipais de Agricultura, Gestores Municipais da Pol\u00edtica de Sa\u00fade.<\/p>\n<p><a class=\"btn btn-success btn-large\" href=\"http:\/\/painel.egem.org.br\/inscritos.create\/203\">Inscreva-se<\/a><\/p>\n<p>&nbsp;<\/p>\n<h2>Programa\u00e7\u00e3o<\/h2>\n<div>\n<div>\n<table border=\"1\" cellspacing=\"0\" cellpadding=\"0\" align=\"center\">\n<tbody>\n<tr>\n<td colspan=\"11\">14\/03\/2017<\/td>\n<\/tr>\n<tr>\n<td>08h30<\/td>\n<td colspan=\"10\"><strong>Credenciamento dos participantes<\/strong><\/td>\n<\/tr>\n<tr>\n<td>10h<\/td>\n<td colspan=\"10\">\u00a0<strong>Abertura Oficial do Congresso<\/strong><\/td>\n<\/tr>\n<tr>\n<td>11h<\/td>\n<td colspan=\"10\"><strong>Confer\u00eancia de Abertura<\/strong><\/p>\n<p>Moralidade e credibilidade da autoridade p\u00fablica municipal<\/p>\n<p>Dr. M\u00e1rcio Cammarosano \u2013 Professor de Direito Administrativo<\/td>\n<\/tr>\n<tr>\n<td>12h<\/td>\n<td colspan=\"10\"><strong>Intervalo para almo\u00e7o<\/strong><\/td>\n<\/tr>\n<tr>\n<td colspan=\"11\">14\/03\/2017<\/td>\n<\/tr>\n<tr>\n<td>13h30<\/p>\n<p>&nbsp;<\/td>\n<td colspan=\"10\"><strong>Painel: Diagn\u00f3stico do modelo federativo:<\/strong><\/p>\n<p>&nbsp;<\/p>\n<p>Palestra: Desconfigura\u00e7\u00e3o do sistema federativo,<\/p>\n<p>Palestrante a confirmar<\/p>\n<p>&nbsp;<\/p>\n<p>Palestra: As partilhas constitucionais e os conflitos com os programas e transfer\u00eancias volunt\u00e1rias;<\/p>\n<p>Paulo Ziulkoski, Presidente da CNM<\/p>\n<p>&nbsp;<\/p>\n<p>Palestra: As pol\u00edticas de desonera\u00e7\u00e3o fiscal da Uni\u00e3o e dos Estados e o reflexo na autonomia fiscal dos munic\u00edpios;<\/p>\n<p>Eduardo Stranz, Consultor da CNM<\/p>\n<p>Edinando Brustolin, Advogado e Consultor jur\u00eddico da FECAM<\/p>\n<p>&nbsp;<\/p>\n<p>Palestra: Campanha por um novo Brasil: Redu\u00e7\u00e3o de tributos e melhoria na Gest\u00e3o P\u00fablica<\/p>\n<p>Bruno Breithaupt, Presidente da FECOM\u00c9RCIO<\/td>\n<\/tr>\n<tr>\n<td>17h<\/td>\n<td colspan=\"10\"><strong>Debate, Proposi\u00e7\u00f5es e Delibera\u00e7\u00f5es<\/strong><\/td>\n<\/tr>\n<tr>\n<td>18h<\/td>\n<td colspan=\"10\"><strong>Encerramento das atividades do dia<\/strong><\/td>\n<\/tr>\n<tr>\n<td colspan=\"11\">15\/03\/2017<\/td>\n<\/tr>\n<tr>\n<td>08h30<\/td>\n<td colspan=\"10\"><strong>Controle e Transpar\u00eancia na Gest\u00e3o P\u00fablica Municipal<\/strong><\/p>\n<p>Samuel Naspolini, Promotor de Justi\u00e7a e Coordenador do Centro de Apoio a Moralidade Administrativa do MPSC<\/td>\n<\/tr>\n<tr>\n<td>09h15<\/td>\n<td colspan=\"10\"><strong>\u00cdndice de Desenvolvimento Municipal Sustent\u00e1vel \u2013 IDMS: Pr\u00eamio Munic\u00edpio Sustent\u00e1vel<\/strong><\/p>\n<p>Adeliana Dal Pont, Prefeita de S\u00e3o Jos\u00e9 e Presidente da FECAM<\/p>\n<p>Celso Vedana, Diretor de Articula\u00e7\u00e3o da FECAM<\/p>\n<p>Emerson Souto, Coordenador de Desenvolvimento Regional da FECAM<\/td>\n<\/tr>\n<tr>\n<td>10h<\/td>\n<td colspan=\"10\"><strong>Efici\u00eancia na Arrecada\u00e7\u00e3o Pr\u00f3pria Municipal<\/strong><\/p>\n<p>Vin\u00edcius Farah, ex-prefeito de Tr\u00eas Rios\/RJ<\/td>\n<\/tr>\n<tr>\n<td>10h45<\/td>\n<td colspan=\"10\"><strong>Implanta\u00e7\u00e3o da estrutura tribut\u00e1ria municipal: Programa Sa\u00fade Fiscal<\/strong><\/p>\n<p>Ricardo Maldaner, Prefeito de Modelo<\/td>\n<\/tr>\n<tr>\n<td>11h<\/td>\n<td colspan=\"10\"><strong>Humaniza\u00e7\u00e3o da Gest\u00e3o Municipal<\/strong><\/p>\n<p>C\u00e9sar Nunes, Professor de Filosofia e Educa\u00e7\u00e3o da UNICAMP<\/td>\n<\/tr>\n<tr>\n<td>12h<\/td>\n<td colspan=\"10\"><strong>Intervalo para almo\u00e7o<\/strong><\/td>\n<\/tr>\n<\/tbody>\n<\/table>\n<\/div>\n<\/div>\n<div><\/div>\n<div><\/div>\n<h4>Clique na oficina desejada e confira a programa\u00e7\u00e3o completa<\/h4>\n<div>\n<table border=\"1\" cellspacing=\"0\" cellpadding=\"0\" align=\"center\">\n<tbody>\n<tr>\n<td colspan=\"9\">15\/03\/2017\u2013 13h30 \u00e0s 17h30<\/td>\n<\/tr>\n<tr>\n<td><a href=\"http:\/\/egem.org.br\/wp-content\/uploads\/2017\/02\/PREFEITOS-E-SECRET%C3%81RIOS-DE-ADMINISTRA%C3%87%C3%83O-E-FINAN%C3%87AS1.pdf\" target=\"_blank\"><strong>Oficina 1: Prefeitos, Secret\u00e1rios de administra\u00e7\u00e3o e finan\u00e7as<\/strong><\/a><\/td>\n<td><a href=\"http:\/\/egem.org.br\/wp-content\/uploads\/2017\/02\/EDUCA%C3%87%C3%83O1.pdf\" target=\"_blank\"><strong>Oficina 2: Educa\u00e7\u00e3o<\/strong><\/a><\/td>\n<td><a href=\"http:\/\/egem.org.br\/wp-content\/uploads\/2017\/02\/LICITA%C3%87%C3%95ES-CONTRATOS-OBRAS1.pdf\" target=\"_blank\"><strong>Oficina 3: Contratos, Licita\u00e7\u00f5es e Obras P\u00fablicas<\/strong><\/a><\/td>\n<td><a href=\"http:\/\/egem.org.br\/wp-content\/uploads\/2017\/02\/CONTABILIDADE-P%C3%9ABLICA-E-CONTROLE-INTERNO1.pdf\" target=\"_blank\"><strong>Oficina 4: Contabilidade P\u00fablica e Controle Interno<\/strong><\/a><\/td>\n<td><a href=\"http:\/\/egem.org.br\/wp-content\/uploads\/2017\/02\/CONS%C3%93RCIOS-P%C3%9ABLICOS1.pdf\" target=\"_blank\"><strong>Oficina 5: Cons\u00f3rcios P\u00fablicos<\/strong><\/a><\/td>\n<td><a href=\"http:\/\/egem.org.br\/wp-content\/uploads\/2017\/02\/GESTORES-MUNICPAIS-DE-CONV%C3%8ANIOS1.pdf\" target=\"_blank\"><strong>Oficina 6: Gestores Municipais de Conv\u00eanio<\/strong><\/a><\/td>\n<td><a href=\"http:\/\/egem.org.br\/wp-content\/uploads\/2017\/02\/POL%C3%8DTICA-DE-URBANISMO-E-HABITA%C3%87%C3%83O1.pdf\" target=\"_blank\"><strong>Oficina 8 : Habita\u00e7\u00e3o<\/strong><\/a><\/td>\n<td><a href=\"http:\/\/egem.org.br\/wp-content\/uploads\/2017\/02\/SA%C3%9ADE1.pdf\" target=\"_blank\"><strong>Oficina 10: Sa\u00fade<\/strong><\/a><\/td>\n<td><a href=\"http:\/\/egem.org.br\/wp-content\/uploads\/2017\/02\/DEFESA-CIVIL-E-MEIO-AMBIENTE1.pdf\" target=\"_blank\"><strong>Oficina 11: Defesa Civil e Meio Ambiente<\/strong><\/a><\/td>\n<\/tr>\n<tr>\n<td colspan=\"9\">16\/03\/2016 &#8211; 8h30 \u00e0s 12h<\/td>\n<\/tr>\n<tr>\n<td><a href=\"http:\/\/egem.org.br\/wp-content\/uploads\/2017\/02\/PREFEITOS-E-SECRET%C3%81RIOS-DE-ADMINISTRA%C3%87%C3%83O-E-FINAN%C3%87AS1.pdf\" target=\"_blank\"><strong>Oficina 1: Prefeitos, Secret\u00e1rios de administra\u00e7\u00e3o e finan\u00e7as<\/strong><\/a><\/td>\n<td><a href=\"http:\/\/egem.org.br\/wp-content\/uploads\/2017\/02\/EDUCA%C3%87%C3%83O1.pdf\" target=\"_blank\"><strong>Oficina 2: Educa\u00e7\u00e3o<\/strong><\/a><\/td>\n<td><a href=\"http:\/\/egem.org.br\/wp-content\/uploads\/2017\/02\/LICITA%C3%87%C3%95ES-CONTRATOS-OBRAS1.pdf\" target=\"_blank\"><strong>Oficina 3: Contratos, Licita\u00e7\u00f5es e Obras P\u00fablicas<\/strong><\/a><\/td>\n<td><a href=\"http:\/\/egem.org.br\/wp-content\/uploads\/2017\/02\/CONTABILIDADE-P%C3%9ABLICA-E-CONTROLE-INTERNO1.pdf\" target=\"_blank\"><strong>Oficina 4: Contabilidade P\u00fablica e Controle Interno<\/strong><\/a><\/td>\n<td><a href=\"http:\/\/egem.org.br\/wp-content\/uploads\/2017\/02\/CONS%C3%93RCIOS-P%C3%9ABLICOS1.pdf\" target=\"_blank\"><strong>Oficina 5: Cons\u00f3rcios P\u00fablicos<\/strong><\/a><\/td>\n<td><a href=\"http:\/\/egem.org.br\/wp-content\/uploads\/2017\/02\/TURISMO-E-CULTURA1.pdf\" target=\"_blank\"><strong>Oficina 7:Turismo e Cultura<\/strong><\/a><\/td>\n<td><a href=\"http:\/\/egem.org.br\/wp-content\/uploads\/2017\/02\/ASSISTENCIA-SOCIAL1.pdf\" target=\"_blank\"><strong>Oficina 9 : Assist\u00eancia Social<\/strong><\/a><\/td>\n<td><a href=\"http:\/\/egem.org.br\/wp-content\/uploads\/2017\/02\/SA%C3%9ADE1.pdf\" target=\"_blank\"><strong>Oficina 10: Sa\u00fade<\/strong><\/a><\/td>\n<td><a href=\"http:\/\/egem.org.br\/wp-content\/uploads\/2017\/02\/DEFESA-CIVIL-E-MEIO-AMBIENTE1.pdf\" target=\"_blank\"><strong>Oficina 11: Meio Ambiente<\/strong><\/a><\/td>\n<\/tr>\n<tr>\n<td colspan=\"9\">16\/03\/2016 \u2013 13h30 \u00e0s 17h00<\/td>\n<\/tr>\n<tr>\n<td><a href=\"http:\/\/egem.org.br\/wp-content\/uploads\/2017\/02\/PREFEITOS-E-SECRET%C3%81RIOS-DE-ADMINISTRA%C3%87%C3%83O-E-FINAN%C3%87AS1.pdf\" target=\"_blank\"><strong>Oficina 1: Prefeitos, Secret\u00e1rios de administra\u00e7\u00e3o e finan\u00e7as<\/strong><\/a><\/td>\n<td><a href=\"http:\/\/egem.org.br\/wp-content\/uploads\/2017\/02\/EDUCA%C3%87%C3%83O1.pdf\" target=\"_blank\"><strong>Oficina 2: Educa\u00e7\u00e3o<\/strong><\/a><\/td>\n<td><a href=\"http:\/\/egem.org.br\/wp-content\/uploads\/2017\/02\/LICITA%C3%87%C3%95ES-CONTRATOS-OBRAS1.pdf\" target=\"_blank\"><strong>Oficina 3: Contratos, Licita\u00e7\u00f5es e Obras P\u00fablicas<\/strong><\/a><\/td>\n<td><a href=\"http:\/\/egem.org.br\/wp-content\/uploads\/2017\/02\/CONTABILIDADE-P%C3%9ABLICA-E-CONTROLE-INTERNO1.pdf\" target=\"_blank\"><strong>Oficina 4: Contabilidade P\u00fablica e Controle Interno<\/strong><\/a><\/td>\n<td><a href=\"http:\/\/egem.org.br\/wp-content\/uploads\/2017\/02\/CONS%C3%93RCIOS-P%C3%9ABLICOS1.pdf\" target=\"_blank\"><strong>Oficina 5: Cons\u00f3rcios P\u00fablicos<\/strong><\/a><\/td>\n<td><a href=\"http:\/\/egem.org.br\/wp-content\/uploads\/2017\/02\/TURISMO-E-CULTURA1.pdf\" target=\"_blank\"><strong>Oficina 7:Turismo e Cultura<\/strong><\/a><\/td>\n<td><a href=\"http:\/\/egem.org.br\/wp-content\/uploads\/2017\/02\/ASSISTENCIA-SOCIAL1.pdf\" target=\"_blank\"><strong>Oficina 9 : Assist\u00eancia Social<\/strong><\/a><\/td>\n<td><a href=\"http:\/\/egem.org.br\/wp-content\/uploads\/2017\/02\/SA%C3%9ADE1.pdf\" target=\"_blank\"><strong>Oficina 10: Sa\u00fade<\/strong><\/a><\/td>\n<td><a href=\"http:\/\/egem.org.br\/wp-content\/uploads\/2017\/02\/DEFESA-CIVIL-E-MEIO-AMBIENTE1.pdf\" target=\"_blank\"><strong>Oficina 11: Meio Ambiente<\/strong><\/a><\/td>\n<\/tr>\n<\/tbody>\n<\/table>\n<div>\u00a0* Programa\u00e7\u00e3o sujeita a altera\u00e7\u00f5es!<\/div>\n<div><\/div>\n<div><\/div>\n<div><\/div>\n<div><\/div>\n<h2>Data do evento<\/h2>\n<div>De 14\/03\/2017 a 16\/03\/2017<\/div>\n<div><\/div>\n<\/div>\n<\/div>\n<div class=\"col-lg-12\">\n<h4><\/h4>\n<h2 id=\"infosy\">Local do evento<\/h2>\n<p>Cento de Conven\u00e7\u00f5es e Exposi\u00e7\u00f5es \u2013 EXPOVILLE<br \/>\nEndere\u00e7o: Rua 15 Novembro, 4315<br \/>\nCidade: Joinville<br \/>\nBairro: Gl\u00f3ria<br \/>\nCEP: 89.216-201<\/p>\n<p>&nbsp;<\/p>\n<h2>Per\u00edodo de inscri\u00e7\u00e3o<\/h2>\n<p>De 12\/12\/2016 a 13\/03\/2017<\/p>\n<p>&nbsp;<\/p>\n<h2>N\u00famero de vagas<\/h2>\n<p>1000<\/p>\n<p>&nbsp;<\/p>\n<h2>Valor de Inscri\u00e7\u00e3o<\/h2>\n<div>Congresso de Munic\u00edpios + Oficina 1 &#8211; Prefeitos, Secret\u00e1rios de administra\u00e7\u00e3o e finan\u00e7as | R$ 250,00<\/div>\n<div>Congresso de Munic\u00edpios + Oficina 2 &#8211; Educa\u00e7\u00e3o | R$ 250,00<\/div>\n<div>Congresso de Munic\u00edpios + Oficina 3 &#8211; Contratos, Licita\u00e7\u00f5es e Obras P\u00fablicas | R$ 250,00<\/div>\n<div>Congresso de Munic\u00edpios + Oficina 4 &#8211; Contabilidade P\u00fablica e Controle Interno | R$ 250,00<\/div>\n<div>Congresso de Munic\u00edpios + Oficina 5 &#8211; Cons\u00f3rcios P\u00fablicos | R$ 250,00<\/div>\n<div>Congresso de Munic\u00edpios + Oficina 6 &#8211; Gestores Municipais de Conv\u00eanio | R$ 250,00<\/div>\n<div>Congresso de Munic\u00edpios + Oficina 7 &#8211; Turismo e Cultura | R$ 250,00<\/div>\n<div>Congresso de Munic\u00edpios + Oficina 8 &#8211; Habita\u00e7\u00e3o | R$ 250,00<\/div>\n<div>Congresso de Munic\u00edpios + Oficina &#8211; OFICINA CANCELADA | R$ 250,00<\/div>\n<div>Congresso de Munic\u00edpios + Oficina 10 &#8211; Sa\u00fade | R$ 250,00<\/div>\n<div>Congresso de Munic\u00edpios + Oficina 9 &#8211; Assist\u00eancia Social | R$ 250,00<\/div>\n<div>Congresso de Munic\u00edpios + Oficina 11 &#8211; Defesa Civil e Meio Ambiente | R$ 250,00<\/div>\n<div><\/div>\n<h2>Informa\u00e7\u00f5es<\/h2>\n<p><img decoding=\"async\" src=\"http:\/\/egem.org.br\/wp-content\/uploads\/2017\/02\/hoteis1.jpg\" alt=\"\" \/><\/p>\n<p>&nbsp;<\/p>\n<h4>Disponibilizado aos participantes:<\/h4>\n<p>Material de divulga\u00e7\u00e3o de entidades e de apoio<br \/>\nBloco e caneta<br \/>\nCoffee break<\/p>\n<p>&nbsp;<\/p>\n<h4>Certificado<\/h4>\n<p>Certificado com registro na Secretaria de Estado de Educa\u00e7\u00e3o<br \/>\nPara ter direito ao certificado, \u00e9 necess\u00e1ria frequ\u00eancia m\u00ednima de 75% do total da carga hor\u00e1ria do curso ou capacita\u00e7\u00e3o.<\/p>\n<p>&nbsp;<\/p>\n<h4>Informa\u00e7\u00f5es referente ao pagamento:<\/h4>\n<p><strong>PREFEITOS(AS) E VICE-PREFEITOS(AS), AO CONCLU\u00cdREM A INSCRI\u00c7\u00c3O FAVOR DESCONSIDERAR O BOLETO,\u00a0<\/strong><strong>POIS OS SENHORES S\u00c3O ISENTOS DO PAGAMENTO DA TAXA DE INSCRI\u00c7\u00c3O.<br \/>\n<\/strong>Ao efetuar a inscri\u00e7\u00e3o, emita seu boleto banc\u00e1rio para pagamento.<br \/>\nA efetiva\u00e7\u00e3o da inscri\u00e7\u00e3o est\u00e1 vinculada ao upload do empenho no ambiente virtual do curso.<br \/>\nA nota fiscal eletr\u00f4nica de presta\u00e7\u00e3o de servi\u00e7o ser\u00e1 emitida na data de realiza\u00e7\u00e3o do evento, ap\u00f3s a identifica\u00e7\u00e3o de presen\u00e7a no sistema, e enviada para o e-mail cadastrado no ato da inscri\u00e7\u00e3o.<br \/>\nEm caso de d\u00favidas, contatar o setor financeiro pelo adm@egem.org.br ou 48 3221 8800.<\/p>\n<\/div>\n<\/div>\n<\/div>\n<\/div>\n<div class=\"row correct single-post\">\n<div class=\"col-lg-12 \">\n<div id=\"registerBtn\">\n<p><a class=\"btn btn-success btn-large\" href=\"http:\/\/painel.egem.org.br\/inscritos.create\/203\">Inscreva-se<\/a><\/p>\n<\/div>\n<p>&nbsp;<\/p>\n<h2>Realiza\u00e7\u00e3o<\/h2>\n<\/div>\n<\/div>\n<div class=\"row correct single-post\">\n<p><img decoding=\"async\" src=\"http:\/\/egem.org.br\/wp-content\/uploads\/2016\/12\/Promo.jpg\" alt=\"\" \/><\/p>\n<h2 class=\"col-lg-6 \"><\/h2>\n<\/div>\n<div class=\"row correct single-post\">\n<div id=\"dadosEmpenho\" class=\"col-lg-12\">\n<h2>Dados para o empenho<\/h2>\n<p>Raz\u00e3o Social: Escola de Gest\u00e3o P\u00fablica Municipal \u2013 EGEM<br \/>\nCNPJ: 08.940.383\/0001-90<br \/>\nInscri\u00e7\u00e3o Estadual: ISENTO<br \/>\nInscri\u00e7\u00e3o Municipal: 440.275-8<br \/>\nEndere\u00e7o: Rua General Liberato Bittencourt, 1885,Sala 1301, Canto, CEP: 88070-800, Florian\u00f3polis\/SC<br \/>\nDados banc\u00e1rios: Banco: BB 001 Ag\u00eancia:5255-8 Conta Corrente: 890742-0<\/p>\n<\/div>\n<\/div>\n","protected":false},"excerpt":{"rendered":"<p>Promovido pela Federa\u00e7\u00e3o Catarinense de Munic\u00edpios \u2013 FECAM, em parceria com as 21 Associa\u00e7\u00f5es de Munic\u00edpios de Santa Catarina, o Congresso Catarinense de Munic\u00edpios \u00e9 um espa\u00e7o para os gestores p\u00fablicos discutirem conjuntamente os caminhos que levem \u00e0 excel\u00eancia na Gest\u00e3o P\u00fablica, n\u00e3o s\u00f3 municipal, como de toda a Federa\u00e7\u00e3o. O Congresso Catarinense de Munic\u00edpios [&hellip;]<\/p>\n","protected":false},"author":1,"featured_media":0,"parent":238,"menu_order":0,"comment_status":"closed","ping_status":"closed","template":"","meta":{"footnotes":""},"class_list":["post-244","page","type-page","status-publish","hentry"],"_links":{"self":[{"href":"https:\/\/luwp.taverna.digital\/index.php?rest_route=\/wp\/v2\/pages\/244"}],"collection":[{"href":"https:\/\/luwp.taverna.digital\/index.php?rest_route=\/wp\/v2\/pages"}],"about":[{"href":"https:\/\/luwp.taverna.digital\/index.php?rest_route=\/wp\/v2\/types\/page"}],"author":[{"embeddable":true,"href":"https:\/\/luwp.taverna.digital\/index.php?rest_route=\/wp\/v2\/users\/1"}],"replies":[{"embeddable":true,"href":"https:\/\/luwp.taverna.digital\/index.php?rest_route=%2Fwp%2Fv2%2Fcomments&post=244"}],"version-history":[{"count":21,"href":"https:\/\/luwp.taverna.digital\/index.php?rest_route=\/wp\/v2\/pages\/244\/revisions"}],"predecessor-version":[{"id":448,"href":"https:\/\/luwp.taverna.digital\/index.php?rest_route=\/wp\/v2\/pages\/244\/revisions\/448"}],"up":[{"embeddable":true,"href":"https:\/\/luwp.taverna.digital\/index.php?rest_route=\/wp\/v2\/pages\/238"}],"wp:attachment":[{"href":"https:\/\/luwp.taverna.digital\/index.php?rest_route=%2Fwp%2Fv2%2Fmedia&parent=244"}],"curies":[{"name":"wp","href":"https:\/\/api.w.org\/{rel}","templated":true}]}}