{"id":327,"date":"2017-02-22T17:49:19","date_gmt":"2017-02-22T20:49:19","guid":{"rendered":"http:\/\/luwp.taverna.digital\/?page_id=327"},"modified":"2017-02-23T09:58:37","modified_gmt":"2017-02-23T12:58:37","slug":"sobre","status":"publish","type":"page","link":"https:\/\/luwp.taverna.digital\/?page_id=327","title":{"rendered":"Sobre"},"content":{"rendered":"<h1><img loading=\"lazy\" decoding=\"async\" class=\"aligncenter size-full wp-image-163\" src=\"http:\/\/luwp.taverna.digital\/wp-content\/uploads\/2017\/02\/cropped-Marca-assinatura-1-1.png\" alt=\"\" width=\"596\" height=\"185\" srcset=\"https:\/\/luwp.taverna.digital\/wp-content\/uploads\/2017\/02\/cropped-Marca-assinatura-1-1.png 596w, https:\/\/luwp.taverna.digital\/wp-content\/uploads\/2017\/02\/cropped-Marca-assinatura-1-1-300x93.png 300w\" sizes=\"(max-width: 596px) 100vw, 596px\" \/><\/h1>\n<p>&nbsp;<\/p>\n<h2>Objetivo Geral<\/h2>\n<p>O Projeto <strong>Qualifica &#8211; Mandato de Excel\u00eancia<\/strong> tem por objetivo promover a qualifica\u00e7\u00e3o dos agentes pol\u00edticos eleitos a partir do pleito municipal do ano de 2016, visando aprimorar a gest\u00e3o p\u00fablica, prevenir irregularidades e desenvolver uma vis\u00e3o ampla e integrada da administra\u00e7\u00e3o e da atividade parlamentar.<\/p>\n<p>&nbsp;<\/p>\n<h2>Objetivos Espec\u00edficos<\/h2>\n<ul>\n<li>Promover a\u00e7\u00f5es de qualifica\u00e7\u00e3o dos agentes p\u00fablicos municipais.<\/li>\n<li>Proporcionar aos gestores p\u00fablicos municipais conhecimento e instrumentos de gest\u00e3o que contribuam para maior efici\u00eancia, efic\u00e1cia e efetividade da Administra\u00e7\u00e3o P\u00fablica.<\/li>\n<li>Proporcionar aos membros das c\u00e2maras municipais conhecimento e instrumentos para o aprimoramento da fun\u00e7\u00e3o legislativa e fiscalizat\u00f3ria.<\/li>\n<li>Identificar, registrar e disseminar boas pr\u00e1ticas na gest\u00e3o p\u00fablica municipal e na atividade legislativa.<\/li>\n<li>Promover e reconhecer casos modelares de excel\u00eancia de gest\u00e3o p\u00fablica municipal.<\/li>\n<\/ul>\n<p>&nbsp;<\/p>\n<h2>P\u00fablico-alvo<\/h2>\n<p>Prefeitos, vereadores, secret\u00e1rios, assessores e servidores municipais.<\/p>\n<p>&nbsp;<\/p>\n<h2>Realiza\u00e7\u00e3o<\/h2>\n<p><img loading=\"lazy\" decoding=\"async\" class=\"aligncenter size-full wp-image-334\" src=\"http:\/\/luwp.taverna.digital\/wp-content\/uploads\/2017\/02\/02-convenios.png\" alt=\"\" width=\"1574\" height=\"742\" srcset=\"https:\/\/luwp.taverna.digital\/wp-content\/uploads\/2017\/02\/02-convenios.png 1574w, https:\/\/luwp.taverna.digital\/wp-content\/uploads\/2017\/02\/02-convenios-300x141.png 300w, https:\/\/luwp.taverna.digital\/wp-content\/uploads\/2017\/02\/02-convenios-768x362.png 768w, https:\/\/luwp.taverna.digital\/wp-content\/uploads\/2017\/02\/02-convenios-1024x483.png 1024w\" sizes=\"(max-width: 1574px) 100vw, 1574px\" \/><\/p>\n<p>&nbsp;<\/p>\n<h2>Mais informa\u00e7\u00f5es<\/h2>\n<ul>\n<li><a href=\"http:\/\/www.tre-sc.jus.br\/site\/fileadmin\/arquivos\/ejesc\/documentos\/2016.11.24_Projeto_Qualifica_final.pdf\">Leia o Projeto na \u00edntegra<\/a><\/li>\n<li><a class=\"pdf\" href=\"http:\/\/www.tre-sc.jus.br\/site\/fileadmin\/arquivos\/ejesc\/documentos\/Convenio_n_020_2016_QUALIFICA.pdf\" target=\"_blank\">Conv\u00eanio assinado pelos convenentes<\/a><\/li>\n<\/ul>\n","protected":false},"excerpt":{"rendered":"<p>O Projeto Qualifica &#8211; Mandato de Excel\u00eancia tem por objetivo promover a qualifica\u00e7\u00e3o dos agentes pol\u00edticos eleitos a partir do pleito municipal do ano de 2016, visando aprimorar a gest\u00e3o p\u00fablica, prevenir irregularidades e desenvolver uma vis\u00e3o ampla e integrada da administra\u00e7\u00e3o e da atividade parlamentar.<\/p>\n","protected":false},"author":1,"featured_media":0,"parent":0,"menu_order":0,"comment_status":"closed","ping_status":"closed","template":"","meta":{"footnotes":""},"class_list":["post-327","page","type-page","status-publish","hentry"],"_links":{"self":[{"href":"https:\/\/luwp.taverna.digital\/index.php?rest_route=\/wp\/v2\/pages\/327"}],"collection":[{"href":"https:\/\/luwp.taverna.digital\/index.php?rest_route=\/wp\/v2\/pages"}],"about":[{"href":"https:\/\/luwp.taverna.digital\/index.php?rest_route=\/wp\/v2\/types\/page"}],"author":[{"embeddable":true,"href":"https:\/\/luwp.taverna.digital\/index.php?rest_route=\/wp\/v2\/users\/1"}],"replies":[{"embeddable":true,"href":"https:\/\/luwp.taverna.digital\/index.php?rest_route=%2Fwp%2Fv2%2Fcomments&post=327"}],"version-history":[{"count":10,"href":"https:\/\/luwp.taverna.digital\/index.php?rest_route=\/wp\/v2\/pages\/327\/revisions"}],"predecessor-version":[{"id":388,"href":"https:\/\/luwp.taverna.digital\/index.php?rest_route=\/wp\/v2\/pages\/327\/revisions\/388"}],"wp:attachment":[{"href":"https:\/\/luwp.taverna.digital\/index.php?rest_route=%2Fwp%2Fv2%2Fmedia&parent=327"}],"curies":[{"name":"wp","href":"https:\/\/api.w.org\/{rel}","templated":true}]}}