{"id":36,"date":"2017-02-20T20:50:22","date_gmt":"2017-02-20T20:50:22","guid":{"rendered":"http:\/\/luwp.taverna.digital\/?page_id=36"},"modified":"2017-02-23T10:17:48","modified_gmt":"2017-02-23T13:17:48","slug":"qualificacao","status":"publish","type":"page","link":"https:\/\/luwp.taverna.digital\/?page_id=36","title":{"rendered":"Qualifica\u00e7\u00e3o"},"content":{"rendered":"<h1>Eixo Qualifica\u00e7\u00e3o<\/h1>\n<p>O eixo Qualifica\u00e7\u00e3o visa promover o aprimoramento da gest\u00e3o p\u00fablica, prevenir irregularidades e desenvolver uma vis\u00e3o ampla e integrada da administra\u00e7\u00e3o e da atua\u00e7\u00e3o parlamentar.<\/p>\n<p>Ser\u00e3o oferecidos\u00a0<a href=\"http:\/\/luwp.taverna.digital\/?page_id=65\">cursos<\/a> nas modalidades presencial e a dist\u00e2ncia, em duas grandes \u00e1reas: gest\u00e3o p\u00fablica e atividade parlamentar, com \u00eanfase na atua\u00e7\u00e3o \u00e9tica, transparente e eficiente do gestor p\u00fablico e do legislador municipal.<\/p>\n<p>Os cursos ser\u00e3o disponibilizados por meio do Portal QUALIFICA, a partir de um reposit\u00f3rio formado com as contribui\u00e7\u00f5es das entidades parceiras, a ser gerenciado pela ENA\/SC. O reposit\u00f3rio ser\u00e1 organizado por temas e subtemas, tais como princ\u00edpio federativo, administra\u00e7\u00e3o p\u00fablica (estrutura e compet\u00eancias), planejamento estrat\u00e9gico ((instrumentos\u00a0de planejamento e de gest\u00e3o municipal), gest\u00e3o administrativa (controle administrativo, transpar\u00eancia, recursos humanos, log\u00edstica e servi\u00e7os gerais, patrim\u00f4nio, licita\u00e7\u00e3o, obras p\u00fablicas, contratos, conv\u00eanios, presta\u00e7\u00e3o de contas e fiscaliza\u00e7\u00e3o), gest\u00e3o financeira e or\u00e7ament\u00e1ria (receita p\u00fablica, despesa p\u00fablica, proposta or\u00e7ament\u00e1ria, responsabilidade fiscal, gest\u00e3o ambiental e gest\u00e3o participativa), legisla\u00e7\u00e3o aplicada \u00e0 gest\u00e3o municipal, processo legislativo, inova\u00e7\u00e3o e empreendedorismo na administra\u00e7\u00e3o p\u00fablica municipal, moderniza\u00e7\u00e3o administrativa e lideran\u00e7a nas organiza\u00e7\u00f5es p\u00fablicas.<\/p>\n<p>Tamb\u00e9m constar\u00e3o do reposit\u00f3rio cursos desenvolvidos pelos \u00f3rg\u00e3os e institui\u00e7\u00f5es parceiras em raz\u00e3o das demandas apresentadas pelos gestores municipais, vereadores ou pelas entidades representativas dos munic\u00edpios e das casas legislativas. Tais iniciativas ser\u00e3o compartilhadas por meio do Portal QUALIFICA e poder\u00e3o serreproduzidas para o atendimento das necessidades de capacita\u00e7\u00e3o de outros munic\u00edpios interessados.<\/p>\n<p>Os cursos presenciais ser\u00e3o organizados considerando a demanda registrada pelos munic\u00edpios no Portal QUALIFICA e o resultado do levantamento realizado junto \u00e0s prefeituras municipais e c\u00e2maras de vereadores, condicionando-se sua realiza\u00e7\u00e3o \u00e0 disponibilidade de recursos humanos, materiais e financeiros das entidades parceiras envolvidas.<\/p>\n<p>Tamb\u00e9m est\u00e1 prevista no cronograma de execu\u00e7\u00e3o do projeto a organiza\u00e7\u00e3o de cinco semin\u00e1rios regionais, com o prop\u00f3sito de disseminar as boas pr\u00e1ticas de gest\u00e3o p\u00fablica e de instruir os gestores acerca de temas espec\u00edficos, adotando-se, em ambos os casos, a diretriz pedag\u00f3gica de apresenta\u00e7\u00e3o de estudo de casos reais de sucesso, voltados \u00e0 realidade da administra\u00e7\u00e3o p\u00fablica municipal. No mesmo sentido, poder\u00e3o ser organizadas oficinas, abertas a diversos segmentos da sociedade.<\/p>\n<p>A realiza\u00e7\u00e3o dos cursos e eventos de qualifica\u00e7\u00e3o poder\u00e1 ser <a href=\"http:\/\/luwp.taverna.digital\/?page_id=321\">solicitada<\/a> pelos gestores municipais, vereadores ou pelas entidades representativas dos munic\u00edpios e das casas legislativas diretamente no Portal QUALIFICA. Al\u00e9m da utiliza\u00e7\u00e3o da plataforma de aprendizagem a dist\u00e2ncia (v.g. plataforma Moodle), os cursos e eventos poder\u00e3o ser transmitidos pela TVAL, ao vivo ou mediante grava\u00e7\u00e3o.<\/p>\n","protected":false},"excerpt":{"rendered":"<p>O eixo Qualifica\u00e7\u00e3o visa promover o aprimoramento da gest\u00e3o p\u00fablica, prevenir irregularidades e desenvolver uma vis\u00e3o ampla e integrada da administra\u00e7\u00e3o e da atua\u00e7\u00e3o parlamentar. Os cursos oferecidos se dividem em duas grandes \u00e1reas: gest\u00e3o p\u00fablica e atividade parlamentar.<\/p>\n","protected":false},"author":1,"featured_media":103,"parent":0,"menu_order":0,"comment_status":"closed","ping_status":"closed","template":"","meta":{"footnotes":""},"class_list":["post-36","page","type-page","status-publish","has-post-thumbnail","hentry"],"_links":{"self":[{"href":"https:\/\/luwp.taverna.digital\/index.php?rest_route=\/wp\/v2\/pages\/36"}],"collection":[{"href":"https:\/\/luwp.taverna.digital\/index.php?rest_route=\/wp\/v2\/pages"}],"about":[{"href":"https:\/\/luwp.taverna.digital\/index.php?rest_route=\/wp\/v2\/types\/page"}],"author":[{"embeddable":true,"href":"https:\/\/luwp.taverna.digital\/index.php?rest_route=\/wp\/v2\/users\/1"}],"replies":[{"embeddable":true,"href":"https:\/\/luwp.taverna.digital\/index.php?rest_route=%2Fwp%2Fv2%2Fcomments&post=36"}],"version-history":[{"count":16,"href":"https:\/\/luwp.taverna.digital\/index.php?rest_route=\/wp\/v2\/pages\/36\/revisions"}],"predecessor-version":[{"id":401,"href":"https:\/\/luwp.taverna.digital\/index.php?rest_route=\/wp\/v2\/pages\/36\/revisions\/401"}],"wp:featuredmedia":[{"embeddable":true,"href":"https:\/\/luwp.taverna.digital\/index.php?rest_route=\/wp\/v2\/media\/103"}],"wp:attachment":[{"href":"https:\/\/luwp.taverna.digital\/index.php?rest_route=%2Fwp%2Fv2%2Fmedia&parent=36"}],"curies":[{"name":"wp","href":"https:\/\/api.w.org\/{rel}","templated":true}]}}