{"id":38,"date":"2017-02-20T20:50:43","date_gmt":"2017-02-20T20:50:43","guid":{"rendered":"http:\/\/luwp.taverna.digital\/?page_id=38"},"modified":"2017-02-23T09:53:31","modified_gmt":"2017-02-23T12:53:31","slug":"boas-praticas","status":"publish","type":"page","link":"https:\/\/luwp.taverna.digital\/?page_id=38","title":{"rendered":"Boas Pr\u00e1ticas"},"content":{"rendered":"<h1>Eixo Boas Pr\u00e1ticas<\/h1>\n<p>O <a href=\"http:\/\/luwp.taverna.digital\/?page_id=70\">reposit\u00f3rio<\/a> de boas pr\u00e1ticas de gest\u00e3o municipal reunir\u00e1 as melhores pr\u00e1ticas da gest\u00e3o p\u00fablica no Estado de Santa Catarina, no intuito de promover a troca de experi\u00eancia entre \u00e0s diversas unidades administrativas, fomentar iniciativas e subsidiar a tomada de decis\u00f5es pelos gestores municipais.<\/p>\n<p>Do mesmo modo que os cursos e eventos de qualifica\u00e7\u00e3o, o reposit\u00f3rio de boas pr\u00e1ticas tamb\u00e9m estar\u00e1 dispon\u00edvel no Portal QUALIFICA por temas e subtemas, conforme a sistem\u00e1tica adotada pela UDESC, institui\u00e7\u00e3o respons\u00e1vel pela avalia\u00e7\u00e3o, organiza\u00e7\u00e3o e gerenciamento do acervo.<\/p>\n<p>A inscri\u00e7\u00e3o de boas pr\u00e1ticas poder\u00e1 ser efetuada, em breve, pelos gestores municipais, vereadores ou pelas entidades representativas dos munic\u00edpios e das casas legislativas diretamente no Portal QUALIFICA, mediante o preenchimento de formul\u00e1rio eletr\u00f4nico.<\/p>\n<p>As pr\u00e1ticas cadastradas ser\u00e3o avaliadas e as tr\u00eas melhores ser\u00e3o selecionadas e premiadas, de acordo com os seguintes crit\u00e9rios: originalidade, resultados alcan\u00e7ados, alinhamento \u00e0 estrat\u00e9gia e potencial de replica\u00e7\u00e3o.<\/p>\n<p>As prefeituras e c\u00e2maras de vereadores cujas pr\u00e1ticas forem selecionadas, receber\u00e3o o Selo de Excel\u00eancia da Gest\u00e3o P\u00fablica Municipal, que contar\u00e1 com ampla divulga\u00e7\u00e3o (vide cap\u00edtulo 10). A entrega desta condecora\u00e7\u00e3o ocorrer\u00e1 na Assembleia Legislativa do Estado de Santa Catarina, com a presen\u00e7a de autoridades p\u00fablicas.<\/p>\n","protected":false},"excerpt":{"rendered":"<p>O reposit\u00f3rio de Boas Pr\u00e1ticas de gest\u00e3o municipal reunir\u00e1 as melhores pr\u00e1ticas da gest\u00e3o p\u00fablica no Estado de Santa Catarina, no intuito de promover a troca de experi\u00eancia entre as diversas unidades administrativas, fomentar iniciativas e subsidiar a tomada de decis\u00f5es pelos gestores municipais.<\/p>\n","protected":false},"author":1,"featured_media":106,"parent":0,"menu_order":0,"comment_status":"closed","ping_status":"closed","template":"","meta":{"footnotes":""},"class_list":["post-38","page","type-page","status-publish","has-post-thumbnail","hentry"],"_links":{"self":[{"href":"https:\/\/luwp.taverna.digital\/index.php?rest_route=\/wp\/v2\/pages\/38"}],"collection":[{"href":"https:\/\/luwp.taverna.digital\/index.php?rest_route=\/wp\/v2\/pages"}],"about":[{"href":"https:\/\/luwp.taverna.digital\/index.php?rest_route=\/wp\/v2\/types\/page"}],"author":[{"embeddable":true,"href":"https:\/\/luwp.taverna.digital\/index.php?rest_route=\/wp\/v2\/users\/1"}],"replies":[{"embeddable":true,"href":"https:\/\/luwp.taverna.digital\/index.php?rest_route=%2Fwp%2Fv2%2Fcomments&post=38"}],"version-history":[{"count":8,"href":"https:\/\/luwp.taverna.digital\/index.php?rest_route=\/wp\/v2\/pages\/38\/revisions"}],"predecessor-version":[{"id":386,"href":"https:\/\/luwp.taverna.digital\/index.php?rest_route=\/wp\/v2\/pages\/38\/revisions\/386"}],"wp:featuredmedia":[{"embeddable":true,"href":"https:\/\/luwp.taverna.digital\/index.php?rest_route=\/wp\/v2\/media\/106"}],"wp:attachment":[{"href":"https:\/\/luwp.taverna.digital\/index.php?rest_route=%2Fwp%2Fv2%2Fmedia&parent=38"}],"curies":[{"name":"wp","href":"https:\/\/api.w.org\/{rel}","templated":true}]}}