{"id":382,"date":"2017-02-23T09:51:26","date_gmt":"2017-02-23T12:51:26","guid":{"rendered":"http:\/\/luwp.taverna.digital\/?page_id=382"},"modified":"2017-02-23T09:52:28","modified_gmt":"2017-02-23T12:52:28","slug":"residencia-em-gestao","status":"publish","type":"page","link":"https:\/\/luwp.taverna.digital\/?page_id=382","title":{"rendered":"Resid\u00eancia em Gest\u00e3o"},"content":{"rendered":"<h1>Programa de Resid\u00eancia em Gest\u00e3o Municipal<\/h1>\n<p>\u00c9 um programa de qualifica\u00e7\u00e3o da Administra\u00e7\u00e3o P\u00fablica Municipal em Santa Catarina por meio da aloca\u00e7\u00e3o de uma equipe de residentes-especialistas em Gest\u00e3o P\u00fablica que auxiliem as prefeituras na transforma\u00e7\u00e3o do seu munic\u00edpio, dando visibilidade para a gest\u00e3o e trazendo resultados concretos para a comunidade local.<\/p>\n<p>S\u00e3o 10 as prefeituras participantes da 1\u00aa EDI\u00c7\u00c3O do PRGM:<\/p>\n<ul>\n<li>Blumenau<\/li>\n<li>Rio do Sul<\/li>\n<li>Palho\u00e7a<\/li>\n<li>Cambori\u00fa<\/li>\n<li>Mirim Doce<\/li>\n<li>Laguna<\/li>\n<li>Nova Trento<\/li>\n<li>Gaspar<\/li>\n<li>Massaranduba<\/li>\n<li>Rio Negrinho<\/li>\n<\/ul>\n<p>O PRGM, que integra o Projeto Qualifica \u2013 Mandato de Excel\u00eancia, ser\u00e1 desenvolvido em duas etapas simult\u00e2neas: uma pr\u00e1tica de resid\u00eancia em gest\u00e3o municipal, com o desenvolvimento dos projetos estrat\u00e9gicos definidos pela Prefeitura parceira, com o acompanhamento de mentores-docentes da \u00e1rea; e a outra de aperfei\u00e7oamento te\u00f3rico, atrav\u00e9s de curso de aperfei\u00e7oamento com a dura\u00e7\u00e3o de 120 horas, conforme cronograma a ser definido pela Funda\u00e7\u00e3o ENA.<\/p>\n<p>Mais informa\u00e7\u00f5es em <a href=\"http:\/\/www.enabrasil.sc.gov.br\/editais\/edital\/20\">http:\/\/www.enabrasil.sc.gov.br\/editais\/edital\/20<\/a><br \/>\nInscri\u00e7\u00f5es pelo link <a href=\"http:\/\/www.enabrasil.sc.gov.br\/inscricao_edital\/cadastro\">http:\/\/www.enabrasil.sc.gov.br\/inscricao_edital\/cadastro<\/a><br \/>\nTaxa: R$ 50,00<br \/>\nPer\u00edodo de Inscri\u00e7\u00e3o: 10\/02\/2017 \u00e0 02\/03\/2017<br \/>\nN\u00famero de Vagas: 29<br \/>\nEquipe ENA<\/p>\n","protected":false},"excerpt":{"rendered":"<p>Programa de Resid\u00eancia em Gest\u00e3o Municipal \u00c9 um programa de qualifica\u00e7\u00e3o da Administra\u00e7\u00e3o P\u00fablica Municipal em Santa Catarina por meio da aloca\u00e7\u00e3o de uma equipe de residentes-especialistas em Gest\u00e3o P\u00fablica que auxiliem as prefeituras na transforma\u00e7\u00e3o do seu munic\u00edpio, dando visibilidade para a gest\u00e3o e trazendo resultados concretos para a comunidade local. S\u00e3o 10 as [&hellip;]<\/p>\n","protected":false},"author":1,"featured_media":0,"parent":40,"menu_order":0,"comment_status":"closed","ping_status":"closed","template":"","meta":{"footnotes":""},"class_list":["post-382","page","type-page","status-publish","hentry"],"_links":{"self":[{"href":"https:\/\/luwp.taverna.digital\/index.php?rest_route=\/wp\/v2\/pages\/382"}],"collection":[{"href":"https:\/\/luwp.taverna.digital\/index.php?rest_route=\/wp\/v2\/pages"}],"about":[{"href":"https:\/\/luwp.taverna.digital\/index.php?rest_route=\/wp\/v2\/types\/page"}],"author":[{"embeddable":true,"href":"https:\/\/luwp.taverna.digital\/index.php?rest_route=\/wp\/v2\/users\/1"}],"replies":[{"embeddable":true,"href":"https:\/\/luwp.taverna.digital\/index.php?rest_route=%2Fwp%2Fv2%2Fcomments&post=382"}],"version-history":[{"count":1,"href":"https:\/\/luwp.taverna.digital\/index.php?rest_route=\/wp\/v2\/pages\/382\/revisions"}],"predecessor-version":[{"id":383,"href":"https:\/\/luwp.taverna.digital\/index.php?rest_route=\/wp\/v2\/pages\/382\/revisions\/383"}],"up":[{"embeddable":true,"href":"https:\/\/luwp.taverna.digital\/index.php?rest_route=\/wp\/v2\/pages\/40"}],"wp:attachment":[{"href":"https:\/\/luwp.taverna.digital\/index.php?rest_route=%2Fwp%2Fv2%2Fmedia&parent=382"}],"curies":[{"name":"wp","href":"https:\/\/api.w.org\/{rel}","templated":true}]}}