{"id":65,"date":"2017-02-20T21:56:12","date_gmt":"2017-02-20T21:56:12","guid":{"rendered":"http:\/\/luwp.taverna.digital\/?page_id=65"},"modified":"2017-02-24T17:06:17","modified_gmt":"2017-02-24T20:06:17","slug":"cursos","status":"publish","type":"page","link":"https:\/\/luwp.taverna.digital\/?page_id=65","title":{"rendered":"Cursos"},"content":{"rendered":"<h2>Cursos a dist\u00e2ncia<\/h2>\n<p><a href=\"http:\/\/luwp.taverna.digital\/?page_id=369\">Curso de Qualifica\u00e7\u00e3o de Candidatos \u00e0 Verean\u00e7a<\/a><\/p>\n<p><a href=\"http:\/\/luwp.taverna.digital\/?page_id=65\">Curso de Exemplo EAD 2<\/a><\/p>\n<p>&nbsp;<\/p>\n<h2>Cursos\u00a0presenciais<\/h2>\n<p><a href=\"http:\/\/luwp.taverna.digital\/?page_id=65\">Curso de Exemplo Presencial 1<\/a><\/p>\n","protected":false},"excerpt":{"rendered":"<p>Cursos a dist\u00e2ncia Curso de Qualifica\u00e7\u00e3o de Candidatos \u00e0 Verean\u00e7a Curso de Exemplo EAD 2 &nbsp; Cursos\u00a0presenciais Curso de Exemplo Presencial 1<\/p>\n","protected":false},"author":1,"featured_media":0,"parent":36,"menu_order":0,"comment_status":"closed","ping_status":"closed","template":"","meta":{"footnotes":""},"class_list":["post-65","page","type-page","status-publish","hentry"],"_links":{"self":[{"href":"https:\/\/luwp.taverna.digital\/index.php?rest_route=\/wp\/v2\/pages\/65"}],"collection":[{"href":"https:\/\/luwp.taverna.digital\/index.php?rest_route=\/wp\/v2\/pages"}],"about":[{"href":"https:\/\/luwp.taverna.digital\/index.php?rest_route=\/wp\/v2\/types\/page"}],"author":[{"embeddable":true,"href":"https:\/\/luwp.taverna.digital\/index.php?rest_route=\/wp\/v2\/users\/1"}],"replies":[{"embeddable":true,"href":"https:\/\/luwp.taverna.digital\/index.php?rest_route=%2Fwp%2Fv2%2Fcomments&post=65"}],"version-history":[{"count":6,"href":"https:\/\/luwp.taverna.digital\/index.php?rest_route=\/wp\/v2\/pages\/65\/revisions"}],"predecessor-version":[{"id":374,"href":"https:\/\/luwp.taverna.digital\/index.php?rest_route=\/wp\/v2\/pages\/65\/revisions\/374"}],"up":[{"embeddable":true,"href":"https:\/\/luwp.taverna.digital\/index.php?rest_route=\/wp\/v2\/pages\/36"}],"wp:attachment":[{"href":"https:\/\/luwp.taverna.digital\/index.php?rest_route=%2Fwp%2Fv2%2Fmedia&parent=65"}],"curies":[{"name":"wp","href":"https:\/\/api.w.org\/{rel}","templated":true}]}}